{"id":271,"date":"2024-05-16T16:57:40","date_gmt":"2024-05-16T14:57:40","guid":{"rendered":"https:\/\/salvaconst.com\/?post_type=product&#038;p=271"},"modified":"2024-05-16T16:57:40","modified_gmt":"2024-05-16T14:57:40","slug":"guantes-de-latex-master-l300","status":"publish","type":"product","link":"https:\/\/salvaconst.com\/index.php\/product\/guantes-de-latex-master-l300\/","title":{"rendered":"GUANTES DE LATEX MASTER L300"},"content":{"rendered":"<h1 class=\"product_title entry-title\">Guantes Master Revestidos L300 L\u00e1tex corrugado<\/h1>\n<p>Guante tejido de punto de algod\u00f3n con revestimiento de l\u00e1tex corrugado en la palma. Usos recomendados: Construcci\u00f3n, Mantenimiento, Almac\u00e9n, Manejo de cargas<\/p>\n","protected":false},"excerpt":{"rendered":"<p>Guantes Master Revestidos L300 L\u00e1tex corrugado Guante tejido de punto de algod\u00f3n con revestimiento de l\u00e1tex corrugado en la palma. Usos recomendados: Construcci\u00f3n, Mantenimiento, Almac\u00e9n, Manejo de cargas<\/p>\n","protected":false},"featured_media":272,"comment_status":"open","ping_status":"closed","template":"","meta":[],"product_cat":[16],"product_tag":[],"class_list":{"0":"post-271","1":"product","2":"type-product","3":"status-publish","4":"has-post-thumbnail","6":"product_cat-seguridad-industrial","8":"first","9":"instock","10":"shipping-taxable","11":"purchasable","12":"product-type-simple"},"_links":{"self":[{"href":"https:\/\/salvaconst.com\/index.php\/wp-json\/wp\/v2\/product\/271","targetHints":{"allow":["GET"]}}],"collection":[{"href":"https:\/\/salvaconst.com\/index.php\/wp-json\/wp\/v2\/product"}],"about":[{"href":"https:\/\/salvaconst.com\/index.php\/wp-json\/wp\/v2\/types\/product"}],"replies":[{"embeddable":true,"href":"https:\/\/salvaconst.com\/index.php\/wp-json\/wp\/v2\/comments?post=271"}],"wp:featuredmedia":[{"embeddable":true,"href":"https:\/\/salvaconst.com\/index.php\/wp-json\/wp\/v2\/media\/272"}],"wp:attachment":[{"href":"https:\/\/salvaconst.com\/index.php\/wp-json\/wp\/v2\/media?parent=271"}],"wp:term":[{"taxonomy":"product_cat","embeddable":true,"href":"https:\/\/salvaconst.com\/index.php\/wp-json\/wp\/v2\/product_cat?post=271"},{"taxonomy":"product_tag","embeddable":true,"href":"https:\/\/salvaconst.com\/index.php\/wp-json\/wp\/v2\/product_tag?post=271"}],"curies":[{"name":"wp","href":"https:\/\/api.w.org\/{rel}","templated":true}]}}