{"id":251,"date":"2024-05-15T23:14:16","date_gmt":"2024-05-15T21:14:16","guid":{"rendered":"https:\/\/salvaconst.com\/?post_type=product&#038;p=251"},"modified":"2024-05-15T23:14:16","modified_gmt":"2024-05-15T21:14:16","slug":"gafas-de-seguridad-oscura-libus","status":"publish","type":"product","link":"https:\/\/salvaconst.com\/index.php\/product\/gafas-de-seguridad-oscura-libus\/","title":{"rendered":"GAFAS DE SEGURIDAD OSCURA &#8211; LIBUS"},"content":{"rendered":"<p>Protege el ojo contra golpes, impacto de part\u00edculas, polvo y chispas.<\/p>\n<p>Dise\u00f1o ojo de gato cl\u00e1sico, elegante y econ\u00f3mico.<\/p>\n<p>Cuenta con filtro UV y Antirayadura (HC).<\/p>\n<p>Protecci\u00f3n frontal y lateral.<\/p>\n","protected":false},"excerpt":{"rendered":"<p>Protege el ojo contra golpes, impacto de part\u00edculas, polvo y chispas. Dise\u00f1o ojo de gato cl\u00e1sico, elegante y econ\u00f3mico. Cuenta con filtro UV y Antirayadura (HC). Protecci\u00f3n frontal y lateral.<\/p>\n","protected":false},"featured_media":252,"comment_status":"open","ping_status":"closed","template":"","meta":[],"product_cat":[16],"product_tag":[],"class_list":{"0":"post-251","1":"product","2":"type-product","3":"status-publish","4":"has-post-thumbnail","6":"product_cat-seguridad-industrial","8":"first","9":"instock","10":"shipping-taxable","11":"purchasable","12":"product-type-simple"},"_links":{"self":[{"href":"https:\/\/salvaconst.com\/index.php\/wp-json\/wp\/v2\/product\/251","targetHints":{"allow":["GET"]}}],"collection":[{"href":"https:\/\/salvaconst.com\/index.php\/wp-json\/wp\/v2\/product"}],"about":[{"href":"https:\/\/salvaconst.com\/index.php\/wp-json\/wp\/v2\/types\/product"}],"replies":[{"embeddable":true,"href":"https:\/\/salvaconst.com\/index.php\/wp-json\/wp\/v2\/comments?post=251"}],"wp:featuredmedia":[{"embeddable":true,"href":"https:\/\/salvaconst.com\/index.php\/wp-json\/wp\/v2\/media\/252"}],"wp:attachment":[{"href":"https:\/\/salvaconst.com\/index.php\/wp-json\/wp\/v2\/media?parent=251"}],"wp:term":[{"taxonomy":"product_cat","embeddable":true,"href":"https:\/\/salvaconst.com\/index.php\/wp-json\/wp\/v2\/product_cat?post=251"},{"taxonomy":"product_tag","embeddable":true,"href":"https:\/\/salvaconst.com\/index.php\/wp-json\/wp\/v2\/product_tag?post=251"}],"curies":[{"name":"wp","href":"https:\/\/api.w.org\/{rel}","templated":true}]}}