{"id":204,"date":"2024-05-15T17:33:22","date_gmt":"2024-05-15T15:33:22","guid":{"rendered":"https:\/\/salvaconst.com\/?post_type=product&#038;p=204"},"modified":"2024-05-15T17:33:22","modified_gmt":"2024-05-15T15:33:22","slug":"prefiltro-5n11-3m","status":"publish","type":"product","link":"https:\/\/salvaconst.com\/index.php\/product\/prefiltro-5n11-3m\/","title":{"rendered":"PREFILTRO 5N11 3M"},"content":{"rendered":"<p>Una vez ajustado correctamente, usar con cartuchos apropiados para varias aplicaciones incluyendo pintura con spray, petroqu\u00edmica y manufactura qu\u00edmica, as\u00ed como pulverizaci\u00f3n pesticida para concentraciones hasta 10 veces mayores a l\u00edmite de exposici\u00f3n permisible (PEL) con las medias m\u00e1scaras o 5 veces el PEL con las m\u00e1scaras completas. Las m\u00e1scaras completas deben probarse cuantitativamente para clamar el factor de protecci\u00f3n asignado por encima de 10 en modo de presi\u00f3n negativa. Usar con adaptador 603 s\u00f3lo si se requiere protecci\u00f3n contra part\u00edculas. No use aerosoles que contentan aceite o en entornos que sean un peligro inmediato para la vida o la salud (IDLH).<\/p>\n<h5 class=\"mds-margin_large--bottom mds-font_header--5\">Aplicaciones sugeridas<\/h5>\n<ul class=\"sps2-pdp_details--highlights_list\">\n<li class=\"sps2-pdp_details--highlights_item mds-font_paragraph\">Pesticidas no aceitosos<\/li>\n<li class=\"sps2-pdp_details--highlights_item mds-font_paragraph\">Agricultura<\/li>\n<li class=\"sps2-pdp_details--highlights_item mds-font_paragraph\">Pintura en aerosol<\/li>\n<li class=\"sps2-pdp_details--highlights_item mds-font_paragraph\">Laqueado<\/li>\n<li class=\"sps2-pdp_details--highlights_item mds-font_paragraph\">Laboratorios<\/li>\n<\/ul>\n","protected":false},"excerpt":{"rendered":"<p>Una vez ajustado correctamente, usar con cartuchos apropiados para varias aplicaciones incluyendo pintura con spray, petroqu\u00edmica y manufactura qu\u00edmica, as\u00ed como pulverizaci\u00f3n pesticida para concentraciones hasta 10 veces mayores a l\u00edmite de exposici\u00f3n permisible (PEL) con las medias m\u00e1scaras o 5 veces el PEL con las m\u00e1scaras completas. Las m\u00e1scaras completas deben probarse cuantitativamente para [&hellip;]<\/p>\n","protected":false},"featured_media":205,"comment_status":"open","ping_status":"closed","template":"","meta":[],"product_cat":[65],"product_tag":[],"class_list":{"0":"post-204","1":"product","2":"type-product","3":"status-publish","4":"has-post-thumbnail","6":"product_cat-consumible","8":"first","9":"instock","10":"shipping-taxable","11":"purchasable","12":"product-type-simple"},"_links":{"self":[{"href":"https:\/\/salvaconst.com\/index.php\/wp-json\/wp\/v2\/product\/204","targetHints":{"allow":["GET"]}}],"collection":[{"href":"https:\/\/salvaconst.com\/index.php\/wp-json\/wp\/v2\/product"}],"about":[{"href":"https:\/\/salvaconst.com\/index.php\/wp-json\/wp\/v2\/types\/product"}],"replies":[{"embeddable":true,"href":"https:\/\/salvaconst.com\/index.php\/wp-json\/wp\/v2\/comments?post=204"}],"wp:featuredmedia":[{"embeddable":true,"href":"https:\/\/salvaconst.com\/index.php\/wp-json\/wp\/v2\/media\/205"}],"wp:attachment":[{"href":"https:\/\/salvaconst.com\/index.php\/wp-json\/wp\/v2\/media?parent=204"}],"wp:term":[{"taxonomy":"product_cat","embeddable":true,"href":"https:\/\/salvaconst.com\/index.php\/wp-json\/wp\/v2\/product_cat?post=204"},{"taxonomy":"product_tag","embeddable":true,"href":"https:\/\/salvaconst.com\/index.php\/wp-json\/wp\/v2\/product_tag?post=204"}],"curies":[{"name":"wp","href":"https:\/\/api.w.org\/{rel}","templated":true}]}}